{"id":2632,"date":"2022-06-26T01:05:45","date_gmt":"2022-06-25T22:05:45","guid":{"rendered":"https:\/\/www.parmakmakine.com\/about-us\/"},"modified":"2022-07-08T23:01:57","modified_gmt":"2022-07-08T20:01:57","slug":"about-us","status":"publish","type":"page","link":"https:\/\/www.parmakmakine.com\/en\/about-us\/","title":{"rendered":"About Us"},"content":{"rendered":"\t\t<div data-elementor-type=\"wp-page\" data-elementor-id=\"2632\" class=\"elementor elementor-2632 elementor-487\" data-elementor-settings=\"[]\">\n\t\t\t\t\t\t\t<div class=\"elementor-section-wrap\">\n\t\t\t\t\t\t\t<section class=\"elementor-section elementor-top-section elementor-element elementor-element-aeaf1cb elementor-section-content-middle elementor-section-boxed elementor-section-height-default elementor-section-height-default\" data-id=\"aeaf1cb\" data-element_type=\"section\">\n\t\t\t\t\t\t<div class=\"elementor-container elementor-column-gap-extended\">\n\t\t\t\t\t<div class=\"elementor-column elementor-col-50 elementor-top-column elementor-element elementor-element-e209ac4 ot-flex-column-vertical\" data-id=\"e209ac4\" data-element_type=\"column\">\n\t\t\t<div class=\"elementor-widget-wrap elementor-element-populated\">\n\t\t\t\t\t\t\t\t<div class=\"elementor-element elementor-element-34ca8c4 elementor-widget elementor-widget-image\" data-id=\"34ca8c4\" data-element_type=\"widget\" data-widget_type=\"image.default\">\n\t\t\t\t<div class=\"elementor-widget-container\">\n\t\t\t\t\t<div class=\"elementor-image\">\n\t\t\t\t\t\t\t\t\t\t<img src=\"https:\/\/www.parmakmakine.com\/wp-content\/uploads\/2021\/05\/Parmak-Makine-Logo.svg\" class=\"attachment-full size-full\" alt=\"\" \/>\t\t\t\t\t\t\t\t\t\t\t<\/div>\n\t\t\t\t<\/div>\n\t\t\t\t<\/div>\n\t\t\t\t\t<\/div>\n\t\t<\/div>\n\t\t\t\t<div class=\"elementor-column elementor-col-50 elementor-top-column elementor-element elementor-element-1feb286 ot-flex-column-vertical\" data-id=\"1feb286\" data-element_type=\"column\">\n\t\t\t<div class=\"elementor-widget-wrap elementor-element-populated\">\n\t\t\t\t\t\t\t\t<div class=\"elementor-element elementor-element-841e06b elementor-widget elementor-widget-iheading\" data-id=\"841e06b\" data-element_type=\"widget\" data-widget_type=\"iheading.default\">\n\t\t\t\t<div class=\"elementor-widget-container\">\n\t\t\t\t\t<div class=\"ot-heading\">\r\n\t        <span class=\"is_highlight\">Hakk\u0131m\u0131zda<\/span>\t        <h2 class=\"main-head\">1967 y\u0131l\u0131ndan bu yana sizin i\u00e7in \u00fcretiyoruz...<\/h2>\t    <\/div>\r\n\t    \t\t<\/div>\n\t\t\t\t<\/div>\n\t\t\t\t<div class=\"elementor-element elementor-element-8519a92 elementor-widget elementor-widget-iheading\" data-id=\"8519a92\" data-element_type=\"widget\" data-widget_type=\"iheading.default\">\n\t\t\t\t<div class=\"elementor-widget-container\">\n\t\t\t\t\t<div class=\"ot-heading\">\r\n\t        \t        <h1 class=\"main-head\">PARMAK Makine ile \u00c7\u00f6zg\u00fc haz\u0131rlama Devere ve Ca\u011fl\u0131k sistemleri...<\/h1>\t    <\/div>\r\n\t    \t\t<\/div>\n\t\t\t\t<\/div>\n\t\t\t\t<div class=\"elementor-element elementor-element-bb4f4ed elementor-widget elementor-widget-text-editor\" data-id=\"bb4f4ed\" data-element_type=\"widget\" data-widget_type=\"text-editor.default\">\n\t\t\t\t<div class=\"elementor-widget-container\">\n\t\t\t\t\t<div class=\"elementor-text-editor elementor-clearfix\"><p>Parmak Machinery Industry and Trade Inc. has been producing conical warping machine and creel since 1967. With more than 75 years of industry experience, after understanding and analyzing customer needs in the best way, new methods are developed by constantly improving existing systems with the right, quality product. As Parmak Machine, our main goal is to be a company that not only pursues profit, but also puts its signature under innovations in the sector. We have achieved many innovations by developing existing systems with the projects we have carried out for this purpose.<br \/>Our company, which continues to implement major engineering projects, also continues its activities with a production-oriented vision in every region of our country and also with an export focus.<\/p><p>With a never-ending quality, after-sales service understanding and spare parts support, \u201cFor the last 35 years, they have been exported to 3 continents, 25 countries, including Egypt, Asia and Africa, and they operate under the assurance of Parmak Machinery.<br \/>With more than 75 years of experience, Parmak Machinery, aiming to be the first domestic company that comes to mind when it comes to conical warping, will continue to invest in R&amp;D and production with the vision that we can always do better, blending the demands in the textile sector with its experience.<\/p><\/div>\n\t\t\t\t<\/div>\n\t\t\t\t<\/div>\n\t\t\t\t\t<\/div>\n\t\t<\/div>\n\t\t\t\t\t\t\t<\/div>\n\t\t<\/section>\n\t\t\t\t<section class=\"elementor-section elementor-top-section elementor-element elementor-element-6af12be elementor-section-boxed elementor-section-height-default elementor-section-height-default\" data-id=\"6af12be\" data-element_type=\"section\">\n\t\t\t\t\t\t<div class=\"elementor-container elementor-column-gap-extended\">\n\t\t\t\t\t<div class=\"elementor-column elementor-col-25 elementor-top-column elementor-element elementor-element-9865002 ot-flex-column-vertical\" data-id=\"9865002\" data-element_type=\"column\">\n\t\t\t<div class=\"elementor-widget-wrap elementor-element-populated\">\n\t\t\t\t\t\t\t\t<div class=\"elementor-element elementor-element-0c75221 number-left elementor-widget elementor-widget-icounter\" data-id=\"0c75221\" data-element_type=\"widget\" data-widget_type=\"icounter.default\">\n\t\t\t\t<div class=\"elementor-widget-container\">\n\t\t\t    \t<div class=\"ot-counter icounter\" data-counter=\"1000\">\r\n        \t<div class=\"c-number\">\r\n        \t\t<span class=\"num\" data-to=\"1000\" data-time= \"2000\"><\/span>        \t<\/div>\r\n        \t<h6>\u00c7al\u0131\u015fan <br>Makine<\/h6>      \t\t\t\t        \r\n\t    <\/div>\r\n\t    \t\t<\/div>\n\t\t\t\t<\/div>\n\t\t\t\t\t<\/div>\n\t\t<\/div>\n\t\t\t\t<div class=\"elementor-column elementor-col-25 elementor-top-column elementor-element elementor-element-4efe597 ot-flex-column-vertical\" data-id=\"4efe597\" data-element_type=\"column\">\n\t\t\t<div class=\"elementor-widget-wrap elementor-element-populated\">\n\t\t\t\t\t\t\t\t<div class=\"elementor-element elementor-element-3976936 number-left elementor-widget elementor-widget-icounter\" data-id=\"3976936\" data-element_type=\"widget\" data-widget_type=\"icounter.default\">\n\t\t\t\t<div class=\"elementor-widget-container\">\n\t\t\t    \t<div class=\"ot-counter icounter\" data-counter=\"20\">\r\n        \t<div class=\"c-number\">\r\n        \t\t<span class=\"num\" data-to=\"20\" data-time= \"2000\"><\/span>        \t<\/div>\r\n        \t<h6>Uzman <br>Personel<\/h6>      \t\t\t\t        \r\n\t    <\/div>\r\n\t    \t\t<\/div>\n\t\t\t\t<\/div>\n\t\t\t\t\t<\/div>\n\t\t<\/div>\n\t\t\t\t<div class=\"elementor-column elementor-col-25 elementor-top-column elementor-element elementor-element-7d86b75 ot-flex-column-vertical\" data-id=\"7d86b75\" data-element_type=\"column\">\n\t\t\t<div class=\"elementor-widget-wrap elementor-element-populated\">\n\t\t\t\t\t\t\t\t<div class=\"elementor-element elementor-element-75279d9 number-left elementor-widget elementor-widget-icounter\" data-id=\"75279d9\" data-element_type=\"widget\" data-widget_type=\"icounter.default\">\n\t\t\t\t<div class=\"elementor-widget-container\">\n\t\t\t    \t<div class=\"ot-counter icounter\" data-counter=\"50\">\r\n        \t<div class=\"c-number\">\r\n        \t\t<span class=\"num\" data-to=\"50\" data-time= \"2000\"><\/span>        \t<\/div>\r\n        \t<h6>y\u0131ll\u0131k <br>Tecr\u00fcbe<\/h6>      \t\t\t\t        \r\n\t    <\/div>\r\n\t    \t\t<\/div>\n\t\t\t\t<\/div>\n\t\t\t\t\t<\/div>\n\t\t<\/div>\n\t\t\t\t<div class=\"elementor-column elementor-col-25 elementor-top-column elementor-element elementor-element-7c9f8c9 ot-flex-column-vertical\" data-id=\"7c9f8c9\" data-element_type=\"column\">\n\t\t\t<div class=\"elementor-widget-wrap elementor-element-populated\">\n\t\t\t\t\t\t\t\t<div class=\"elementor-element elementor-element-5e295b7 number-left elementor-widget elementor-widget-icounter\" data-id=\"5e295b7\" data-element_type=\"widget\" data-widget_type=\"icounter.default\">\n\t\t\t\t<div class=\"elementor-widget-container\">\n\t\t\t    \t<div class=\"ot-counter icounter\" data-counter=\"100\">\r\n        \t<div class=\"c-number\">\r\n        \t\t<span class=\"num\" data-to=\"100\" data-time= \"2000\"><\/span>        \t<\/div>\r\n        \t<h6>M\u00fc\u015fteri <br>Memnuniyeti<\/h6>      \t\t\t\t        \r\n\t    <\/div>\r\n\t    \t\t<\/div>\n\t\t\t\t<\/div>\n\t\t\t\t\t<\/div>\n\t\t<\/div>\n\t\t\t\t\t\t\t<\/div>\n\t\t<\/section>\n\t\t\t\t<section class=\"elementor-section elementor-top-section elementor-element elementor-element-b43fd21 elementor-section-boxed elementor-section-height-default elementor-section-height-default\" data-id=\"b43fd21\" data-element_type=\"section\" data-settings=\"{&quot;background_background&quot;:&quot;classic&quot;}\">\n\t\t\t\t\t\t<div class=\"elementor-container elementor-column-gap-default\">\n\t\t\t\t\t<div class=\"elementor-column elementor-col-100 elementor-top-column elementor-element elementor-element-4493cd0 ot-flex-column-vertical\" data-id=\"4493cd0\" data-element_type=\"column\">\n\t\t\t<div class=\"elementor-widget-wrap elementor-element-populated\">\n\t\t\t\t\t\t\t\t<div class=\"elementor-element elementor-element-03891b1 elementor-widget elementor-widget-iheading\" data-id=\"03891b1\" data-element_type=\"widget\" data-widget_type=\"iheading.default\">\n\t\t\t\t<div class=\"elementor-widget-container\">\n\t\t\t\t\t<div class=\"ot-heading\">\r\n\t        \t        <h2 class=\"main-head\">75 y\u0131l\u0131 ask\u0131n sekt\u00f6r tecr\u00fcbesi ile \u00e7\u00f6zg\u00fc haz\u0131rlama devere, cagl\u0131k sistemlerinde teknolojik \u00f6nc\u00fcs\u00fc....Parmak Makine<\/h2>\t    <\/div>\r\n\t    \t\t<\/div>\n\t\t\t\t<\/div>\n\t\t\t\t\t<\/div>\n\t\t<\/div>\n\t\t\t\t\t\t\t<\/div>\n\t\t<\/section>\n\t\t\t\t\t\t<\/div>\n\t\t\t\t\t<\/div>\n\t\t","protected":false},"excerpt":{"rendered":"<p>Hakk\u0131m\u0131zda 1967 y\u0131l\u0131ndan bu yana sizin i\u00e7in \u00fcretiyoruz&#8230; PARMAK Makine ile \u00c7\u00f6zg\u00fc haz\u0131rlama Devere ve Ca\u011fl\u0131k sistemleri&#8230; Parmak Machinery Industry and Trade Inc. has been producing conical warping machine and creel since 1967. With more than 75 years of industry experience, after understanding and analyzing customer needs in the best way, new methods are developed [&hellip;]<\/p>\n","protected":false},"author":1,"featured_media":0,"parent":0,"menu_order":0,"comment_status":"closed","ping_status":"closed","template":"","meta":[],"_links":{"self":[{"href":"https:\/\/www.parmakmakine.com\/en\/wp-json\/wp\/v2\/pages\/2632"}],"collection":[{"href":"https:\/\/www.parmakmakine.com\/en\/wp-json\/wp\/v2\/pages"}],"about":[{"href":"https:\/\/www.parmakmakine.com\/en\/wp-json\/wp\/v2\/types\/page"}],"author":[{"embeddable":true,"href":"https:\/\/www.parmakmakine.com\/en\/wp-json\/wp\/v2\/users\/1"}],"replies":[{"embeddable":true,"href":"https:\/\/www.parmakmakine.com\/en\/wp-json\/wp\/v2\/comments?post=2632"}],"version-history":[{"count":4,"href":"https:\/\/www.parmakmakine.com\/en\/wp-json\/wp\/v2\/pages\/2632\/revisions"}],"predecessor-version":[{"id":2709,"href":"https:\/\/www.parmakmakine.com\/en\/wp-json\/wp\/v2\/pages\/2632\/revisions\/2709"}],"wp:attachment":[{"href":"https:\/\/www.parmakmakine.com\/en\/wp-json\/wp\/v2\/media?parent=2632"}],"curies":[{"name":"wp","href":"https:\/\/api.w.org\/{rel}","templated":true}]}}